{"id":1004,"date":"2018-11-23T14:02:37","date_gmt":"2018-11-23T14:02:37","guid":{"rendered":"http:\/\/dev.mws.59aps.com\/?page_id=1004"},"modified":"2024-04-19T16:35:48","modified_gmt":"2024-04-19T16:35:48","slug":"request-info-form-fr","status":"publish","type":"page","link":"https:\/\/dev.mws.sandbox.59aps.com\/fr\/request-info-form-fr\/","title":{"rendered":"Request info form-fr"},"content":{"rendered":"\n<p>Vous voulez plus d\u2019information sur les programmes de MWS Student Camps? Veuillez compl\u00e9ter la demande d\u2019information en ligne afin de recevoir la brochure d\u00e9taill\u00e9e.<\/p>\n\n\n\n<p>Merci de l\u2019int\u00e9r\u00eat que vous portez \u00e0 nos programmes.<\/p>\n","protected":false},"excerpt":{"rendered":"<p>Vous voulez plus d\u2019information sur les programmes de MWS Student Camps? Veuillez compl\u00e9ter la demande d\u2019information en ligne afin de recevoir la brochure d\u00e9taill\u00e9e. Merci de l\u2019int\u00e9r\u00eat que vous portez \u00e0 nos programmes.<\/p>\n","protected":false},"author":1,"featured_media":6202,"parent":0,"menu_order":0,"comment_status":"closed","ping_status":"closed","template":"page-request-info-form.php","meta":[],"_links":{"self":[{"href":"https:\/\/dev.mws.sandbox.59aps.com\/fr\/wp-json\/wp\/v2\/pages\/1004"}],"collection":[{"href":"https:\/\/dev.mws.sandbox.59aps.com\/fr\/wp-json\/wp\/v2\/pages"}],"about":[{"href":"https:\/\/dev.mws.sandbox.59aps.com\/fr\/wp-json\/wp\/v2\/types\/page"}],"author":[{"embeddable":true,"href":"https:\/\/dev.mws.sandbox.59aps.com\/fr\/wp-json\/wp\/v2\/users\/1"}],"replies":[{"embeddable":true,"href":"https:\/\/dev.mws.sandbox.59aps.com\/fr\/wp-json\/wp\/v2\/comments?post=1004"}],"version-history":[{"count":4,"href":"https:\/\/dev.mws.sandbox.59aps.com\/fr\/wp-json\/wp\/v2\/pages\/1004\/revisions"}],"predecessor-version":[{"id":5207,"href":"https:\/\/dev.mws.sandbox.59aps.com\/fr\/wp-json\/wp\/v2\/pages\/1004\/revisions\/5207"}],"wp:featuredmedia":[{"embeddable":true,"href":"https:\/\/dev.mws.sandbox.59aps.com\/fr\/wp-json\/wp\/v2\/media\/6202"}],"wp:attachment":[{"href":"https:\/\/dev.mws.sandbox.59aps.com\/fr\/wp-json\/wp\/v2\/media?parent=1004"}],"curies":[{"name":"wp","href":"https:\/\/api.w.org\/{rel}","templated":true}]}}