{"id":498,"date":"2018-11-22T17:07:00","date_gmt":"2018-11-22T17:07:00","guid":{"rendered":"http:\/\/dev.mws.59aps.com\/?page_id=498"},"modified":"2024-04-15T18:26:17","modified_gmt":"2024-04-15T18:26:17","slug":"toronto-english-camps-fr","status":"publish","type":"page","link":"https:\/\/dev.mws.sandbox.59aps.com\/fr\/toronto\/toronto-english-camps-fr\/","title":{"rendered":"Camps d\u2019anglais &#8211; Toronto"},"content":{"rendered":"<p><span style=\"font-weight: 400;\">Les camps d\u2019anglais de MWS Toronto offrent des programmes dynamiques et excitants! Ils sont sp\u00e9cifiquement con\u00e7us pour des jeunes int\u00e9ress\u00e9s \u00e0 apprendre l\u2019anglais dans un cadre d\u2019immersion. Une vari\u00e9t\u00e9 d\u2019excursions, de cours d\u2019anglais quotidiens, d\u2019activit\u00e9s sportives et\/ou artistiques permettent de garder les \u00e9tudiants occup\u00e9s et concentr\u00e9s en tout temps.<\/span><\/p>\n","protected":false},"excerpt":{"rendered":"<p>Les camps d\u2019anglais de MWS Toronto offrent des programmes dynamiques et excitants! Ils sont sp\u00e9cifiquement con\u00e7us pour des jeunes int\u00e9ress\u00e9s \u00e0 apprendre l\u2019anglais dans un cadre d\u2019immersion. Une vari\u00e9t\u00e9 d\u2019excursions, de cours d\u2019anglais quotidiens, d\u2019activit\u00e9s sportives et\/ou artistiques permettent de garder les \u00e9tudiants occup\u00e9s et concentr\u00e9s en tout temps.<\/p>\n","protected":false},"author":1,"featured_media":5887,"parent":494,"menu_order":0,"comment_status":"closed","ping_status":"closed","template":"","meta":[],"_links":{"self":[{"href":"https:\/\/dev.mws.sandbox.59aps.com\/fr\/wp-json\/wp\/v2\/pages\/498"}],"collection":[{"href":"https:\/\/dev.mws.sandbox.59aps.com\/fr\/wp-json\/wp\/v2\/pages"}],"about":[{"href":"https:\/\/dev.mws.sandbox.59aps.com\/fr\/wp-json\/wp\/v2\/types\/page"}],"author":[{"embeddable":true,"href":"https:\/\/dev.mws.sandbox.59aps.com\/fr\/wp-json\/wp\/v2\/users\/1"}],"replies":[{"embeddable":true,"href":"https:\/\/dev.mws.sandbox.59aps.com\/fr\/wp-json\/wp\/v2\/comments?post=498"}],"version-history":[{"count":5,"href":"https:\/\/dev.mws.sandbox.59aps.com\/fr\/wp-json\/wp\/v2\/pages\/498\/revisions"}],"predecessor-version":[{"id":4681,"href":"https:\/\/dev.mws.sandbox.59aps.com\/fr\/wp-json\/wp\/v2\/pages\/498\/revisions\/4681"}],"up":[{"embeddable":true,"href":"https:\/\/dev.mws.sandbox.59aps.com\/fr\/wp-json\/wp\/v2\/pages\/494"}],"wp:featuredmedia":[{"embeddable":true,"href":"https:\/\/dev.mws.sandbox.59aps.com\/fr\/wp-json\/wp\/v2\/media\/5887"}],"wp:attachment":[{"href":"https:\/\/dev.mws.sandbox.59aps.com\/fr\/wp-json\/wp\/v2\/media?parent=498"}],"curies":[{"name":"wp","href":"https:\/\/api.w.org\/{rel}","templated":true}]}}