{"id":614,"date":"2018-11-22T18:49:13","date_gmt":"2018-11-22T18:49:13","guid":{"rendered":"http:\/\/dev.mws.59aps.com\/?page_id=614"},"modified":"2024-03-05T14:37:31","modified_gmt":"2024-03-05T14:37:31","slug":"montreal-english-camps-fr","status":"publish","type":"page","link":"https:\/\/dev.mws.sandbox.59aps.com\/fr\/montreal\/montreal-english-camps-fr\/","title":{"rendered":"Camps d&#8217;anglais &#8211; Montr\u00e9al"},"content":{"rendered":"\n<p><span style=\"font-weight: 400;\">Les camps d\u2019anglais de MWS Montr\u00e9al sont sp\u00e9cifiquement con\u00e7us pour des \u00e9tudiants int\u00e9ress\u00e9s \u00e0 participer \u00e0 un programme d\u2019immersion dans la ville la plus bilingue du Canada. Une multitude d\u2019excursions, de cours d\u2019anglais quotidiens et d\u2019activit\u00e9s sportives, culturelles et touristiques permettent de garder les \u00e9tudiants occup\u00e9s et stimul\u00e9s.<\/span><\/p>\n","protected":false},"excerpt":{"rendered":"<p>Les camps d\u2019anglais de MWS Montr\u00e9al sont sp\u00e9cifiquement con\u00e7us pour des \u00e9tudiants int\u00e9ress\u00e9s \u00e0 participer \u00e0 un programme d\u2019immersion dans la ville la plus bilingue du Canada. Une multitude d\u2019excursions, de cours d\u2019anglais quotidiens et d\u2019activit\u00e9s sportives, culturelles et touristiques permettent de garder les \u00e9tudiants occup\u00e9s et stimul\u00e9s.<\/p>\n","protected":false},"author":1,"featured_media":5881,"parent":611,"menu_order":0,"comment_status":"closed","ping_status":"closed","template":"","meta":[],"_links":{"self":[{"href":"https:\/\/dev.mws.sandbox.59aps.com\/fr\/wp-json\/wp\/v2\/pages\/614"}],"collection":[{"href":"https:\/\/dev.mws.sandbox.59aps.com\/fr\/wp-json\/wp\/v2\/pages"}],"about":[{"href":"https:\/\/dev.mws.sandbox.59aps.com\/fr\/wp-json\/wp\/v2\/types\/page"}],"author":[{"embeddable":true,"href":"https:\/\/dev.mws.sandbox.59aps.com\/fr\/wp-json\/wp\/v2\/users\/1"}],"replies":[{"embeddable":true,"href":"https:\/\/dev.mws.sandbox.59aps.com\/fr\/wp-json\/wp\/v2\/comments?post=614"}],"version-history":[{"count":8,"href":"https:\/\/dev.mws.sandbox.59aps.com\/fr\/wp-json\/wp\/v2\/pages\/614\/revisions"}],"predecessor-version":[{"id":5925,"href":"https:\/\/dev.mws.sandbox.59aps.com\/fr\/wp-json\/wp\/v2\/pages\/614\/revisions\/5925"}],"up":[{"embeddable":true,"href":"https:\/\/dev.mws.sandbox.59aps.com\/fr\/wp-json\/wp\/v2\/pages\/611"}],"wp:featuredmedia":[{"embeddable":true,"href":"https:\/\/dev.mws.sandbox.59aps.com\/fr\/wp-json\/wp\/v2\/media\/5881"}],"wp:attachment":[{"href":"https:\/\/dev.mws.sandbox.59aps.com\/fr\/wp-json\/wp\/v2\/media?parent=614"}],"curies":[{"name":"wp","href":"https:\/\/api.w.org\/{rel}","templated":true}]}}