{"id":6365,"date":"2024-04-30T18:49:02","date_gmt":"2024-04-30T18:49:02","guid":{"rendered":"https:\/\/dev.mws.sandbox.59aps.com\/?page_id=6365"},"modified":"2024-04-30T20:11:47","modified_gmt":"2024-04-30T20:11:47","slug":"politique-de-confidentialite","status":"publish","type":"page","link":"https:\/\/dev.mws.sandbox.59aps.com\/fr\/politique-de-confidentialite\/","title":{"rendered":"Politique de confidentialit\u00e9"},"content":{"rendered":"\n<p>Cette politique vise \u00e0 d\u00e9crire les pratiques li\u00e9es aux renseignements personnels recueillis par MWS<br>Student Camps (\u00ab MWS Student Camps \u00bb, \u00ab nous \u00bb) par l\u2019entremise de nos sites Web (actuellement<br>mwscamps.com) (les \u00ab sites Web \u00bb), lorsque vous vous abonnez aux sites Web, vous les utilisez, vous<br>y acc\u00e9dez ou y interagissez.<\/p>\n\n\n\n<p>Nous pouvons changer cette politique de temps \u00e0 autre. Si des changements y sont apport\u00e9s, l\u2019avis \u00e0<br>cet effet sera la publication de la politique mise \u00e0 jour \u00e0 nos sites Web avec r\u00e9vision de la date de<br>\u00ab Mise \u00e0 jour : \u00bb. La version la plus r\u00e9cente de cette politique sera en vigueur au moment o\u00f9 elle est<br>publi\u00e9e. En poursuivant l\u2019acc\u00e8s aux sites Web et leur utilisation apr\u00e8s l\u2019entr\u00e9e en vigueur des<br>changements, vous convenez d\u2019\u00eatre li\u00e9s par la politique revue.<\/p>\n\n\n\n<p><strong>En ayant acc\u00e8s \u00e0 tout site Web et en l\u2019utilisant, vous reconnaissez que vous avez lu les modalit\u00e9s<br>de cette politique et que vous convenez d\u2019\u00eatre li\u00e9 par celles-ci.<\/strong><\/p>\n\n\n\n<h3 class=\"wp-block-heading\">Les renseignements que nous recueillons<\/h3>\n\n\n\n<p><strong>Renseignements personnels.<\/strong> Dans le cadre de cette politique, \u00ab renseignements personnels \u00bb d\u00e9crit<br>l\u2019information au sujet d\u2019une personne identifiable, de la fa\u00e7on d\u00e9finie dans les lois en mati\u00e8re de<br>protection de la vie priv\u00e9e qui sont applicables \u00e0 MWS Student Camps, et peuvent inclure des<br>renseignements comme votre nom, adresse de courriel, num\u00e9ro de t\u00e9l\u00e9phone, num\u00e9ro de<br>t\u00e9l\u00e9copieur et adresse.<\/p>\n\n\n\n<p><strong>Renseignements personnels de tiers.<\/strong> De temps \u00e0 autre, nos sites Web pourraient aussi recueillir des<br>renseignements personnels au sujet de tiers que vous pourriez fournir en vertu des lois applicables.<br>Par exemple, il pourrait s\u2019agir de l\u2019adresse de courriel de quelqu\u2019un \u00e0 qui vous voulez signaler un<br>document ou une promotion \u00e0 l\u2019un de nos sites Web et que nous pourrions contacter en vertu des<br>lois applicables.<\/p>\n\n\n\n<p>R<strong>enseignements additionnels.<\/strong> Nous pourrions recueillir des renseignements additionnels en plus de<br>ceux qui sont d\u00e9crits ci-dessus, comme pour les actualisations futures des sites Web ou de fa\u00e7on li\u00e9e<br>\u00e0 l\u2019ajout de nouvelles fonctionnalit\u00e9s et de nouveaux produits. Dans ce cas, vous en serez avis\u00e9s<br>avant la cueillette.<\/p>\n\n\n\n<p><strong>Renseignements non personnels.<\/strong> Nous pourrions aussi recueillir certains renseignements non<br>personnels lorsque vous visitez les sites Web, comme le type de fureteur que vous utilisez (comme<br>Chrome, Firefox, Safari ou Internet Explorer), le type de syst\u00e8me d\u2019exploitation que vous utilisez<br>(comme Windows 7, 8, 10, Mac OS X, iOS, Android, etc.) et le nom de domaine de votre fournisseur<br>de service Internet (comme Rogers, Bell, TELUS).<\/p>\n\n\n\n<p><strong>Renseignements personnels des enfants de moins de 13 ans.<\/strong> Nous ne demandons ou ne recueillons<br>pas sciemment les renseignements personnels d\u2019enfants de moins de 13 ans. Nous encourageons les<br>parents d\u2019enfants de moins de 13 ans \u00e0 v\u00e9rifier et surveiller r\u00e9guli\u00e8rement l\u2019utilisation du courriel et<br>des sites Web par leurs enfants.<\/p>\n\n\n\n<h3 class=\"wp-block-heading\">Utilisation et partage des renseignements<\/h3>\n\n\n\n<p>Les renseignements personnels ne seront recueillis, utilis\u00e9s et partag\u00e9s qu\u2019aux fins d\u00e9clar\u00e9es au<br>moment de la cueillette ou de la fa\u00e7on d\u00e9crite dans cette politique. Sauf de la fa\u00e7on d\u00e9crite dans cet<br>article, nous n\u2019\u00e9changeons, ne vendons, ne louons ou ne distribuons pas les renseignements<br>personnels \u00e0 toute fin.<\/p>\n\n\n\n<p><strong>Sur demande par vous.<\/strong> Nous pourrions utiliser les renseignements que vous nous fournissez \u00e0 votre<br>sujet pour combler vos demandes pour nos produits, programmes et services, pour r\u00e9pondre \u00e0 vos<br>demandes en ce qui a trait \u00e0 nos offres, pour que vous puissiez participer \u00e0 des concours ou des<br>\u00e9tudes de march\u00e9, ou pour que nous puissions communiquer avec vous au sujet de votre compte<br>chez nous.<\/p>\n\n\n\n<p><strong>Marketing.<\/strong> Nous pourrions utiliser vos renseignements pour communiquer avec vous, comme pour<br>vous signaler de nouveaux produits, programmes ou services, et pour vous offrir d\u2019autres produits,<br>programmes et services qui, selon nous, pourraient vous int\u00e9resser, sous r\u00e9serve que nous ayons<br>votre consentement \u00e0 le faire. Votre consentement \u00e0 utiliser ou partager vos renseignements<br>personnels \u00e0 ces fins est facultatif et n\u2019est pas requis comme condition pour l\u2019utilisation des sites<br>Web. Si vous d\u00e9sirez que vos renseignements personnels ne soient pas utilis\u00e9s ou partag\u00e9s \u00e0 ces fins<br>additionnelles, veuillez contacter le Bureau de la protection de la vie priv\u00e9e de MWS Student Camps<br>\u00e0 l\u2019adresse ci-dessous.<\/p>\n\n\n\n<p><strong>Fournisseurs tiers de services.<\/strong> MWS Student Camps pourrait utiliser des fournisseurs tiers de<br>services au nom de MWS Student Camps pour recueillir, utiliser et partager les renseignements<br>personnels en vertu de cette politique. Ces fournisseurs de services sont li\u00e9s et assujettis aux<br>politiques de confidentialit\u00e9 de MWS Student Camps. Nous exigeons que tous ces fournisseurs de<br>service pr\u00e9servent la confidentialit\u00e9 et la s\u00e9curit\u00e9 de vos renseignements et qu\u2019ils se conforment \u00e0<br>des politiques de confidentialit\u00e9 et \u00e0 des normes de s\u00e9curit\u00e9 comparables aux n\u00f4tres en ce qui a trait<br>aux renseignements personnels. Nous pourrions aussi partager d\u2019autres renseignements avec des<br>tiers de fa\u00e7on non identifiable des utilisateurs particuliers, dont, par exemple, des renseignements<br>consolid\u00e9s.<\/p>\n\n\n\n<p><strong>Processus juridiques.<\/strong> Nous pourrions divulguer des renseignements personnels en vertu des lois<br>applicables, par exemple en r\u00e9action \u00e0 une ordonnance d\u2019un tribunal ou \u00e0 une sommation. Nous<br>pourrions aussi divulguer ces renseignements en r\u00e9ponse \u00e0 une demande de la part d\u2019une agence<br>d\u2019ex\u00e9cution de la loi.<\/p>\n\n\n\n<p><strong>Contenu cr\u00e9\u00e9 par les utilisateurs.<\/strong> Le contenu cr\u00e9\u00e9 par les utilisateurs et publi\u00e9 par l\u2019entremise des<br>sites Web, comme des \u00e9valuations de produits, des commentaires dans les forums de discussion ou<br>blogues, et certaines pr\u00e9f\u00e9rences dans les r\u00e9seaux sociaux (comme les pages que vous \u00ab aimez \u00bb ou<br>que vous \u00ab recommandez \u00bb) pourrait \u00eatre accessible par d\u2019autres consommateurs ou entreprises et<br>pourrait figurer sur d\u2019autres sites Web ou recherches Web, et, ainsi, cette information pourrait \u00eatre<br>lue, recueillie et utilis\u00e9e par d\u2019autres. MWS Student Camps ne peut pas garantir la confidentialit\u00e9 de<br>tout renseignement d\u2019un utilisateur faisant partie du contenu cr\u00e9\u00e9 par l\u2019utilisateur en question.<\/p>\n\n\n\n<p><strong>M\u00e9dias sociaux.<\/strong> Dans la mesure o\u00f9 vous associez un compte g\u00e9r\u00e9 par des tiers, comme les sites de<br>m\u00e9dias sociaux (par exemple, Facebook et Twitter), \u00e0 un compte MWS Student Camps, vous<br>autorisez MWS Student Camps \u00e0 avoir acc\u00e8s \u00e0 cette information et convenez que MWS Student<br>Camps peut recueillir, conserver et utiliser cette information en vertu de cette politique.<\/p>\n\n\n\n<p><strong>D\u00e9gagement portant sur l\u2019information fournie \u00e0 des sites Web de tiers.<\/strong> Dans certains cas, nous<br>pourrions vous permettre d\u2019avoir acc\u00e8s \u00e0 des services de tiers par l\u2019entremise de liens ou autres. Les<br>renseignements que vous fournissez \u00e0 ces services de tiers ne sont pas des \u00ab renseignements de<br>l\u2019utilisateur \u00bb et ne sont donc pas assujettis \u00e0 cette politique. Ces liens ne constituent aucunement<br>un parrainage ou une recommandation des sites Web li\u00e9s. D\u00e8s qu\u2019un lien vous m\u00e8ne \u00e0 un autre site,<br>vous \u00eates assujetti aux politiques de confidentialit\u00e9 et de s\u00e9curit\u00e9 de ce nouveau site.<\/p>\n\n\n\n<p><strong>Conservation.<\/strong> MWS Student Camps conserve les renseignements des utilisateurs aussi longtemps<br>que ceux-ci demeurent utiles pour fournir ou am\u00e9liorer les sites Web et les produits, en vertu de la<br>loi et de cette politique. Nous pourrions de plus conserver et utiliser les donn\u00e9es au besoin pour<br>nous conformer \u00e0 nos obligations juridiques, r\u00e9soudre les litiges et appliquer nos conventions.<br>Renseignements consolid\u00e9s et d\u00e9personnalis\u00e9s. Nous pouvons utiliser et partager des<br>renseignements en formats consolid\u00e9s ou d\u00e9personnalis\u00e9s en en retirant les identificateurs<br>personnels directs, \u00e0 des fins internes seulement ou avec des tiers, pour toute fin, dans une mesure<br>que la loi ne proscrit pas. Cette politique ne limite aucunement notre utilisation ou notre divulgation<br>de toute information consolid\u00e9e ou d\u00e9personnalis\u00e9e cr\u00e9\u00e9e \u00e0 partir des renseignements de<br>l\u2019utilisateur de quelque fa\u00e7on, et nous nous r\u00e9servons le droit d\u2019utiliser, de divulguer et de vendre les<br>renseignements d\u00e9personnalis\u00e9s (dont les renseignements d\u00e9personnalis\u00e9s associ\u00e9s \u00e0 des<br>renseignements non r\u00e9cur\u00e9s qui ne sont pas vos renseignements personnels) \u00e0 nos partenaires,<br>annonceurs et autres tiers \u00e0 notre discr\u00e9tion, dans la mesure permise par la loi. \u00ab D\u00e9personnalis\u00e9 \u00bb<br>signifie que MWS Student Camps a entrepris des pr\u00e9cautions raisonnables pour pr\u00e9venir que les<br>donn\u00e9es d\u00e9personnalis\u00e9es venant de vous ne puissent pas \u00eatre reli\u00e9es \u00e0 vous.<\/p>\n\n\n\n<p><strong>Exportation des renseignements personnels.<\/strong> Vos renseignements personnels pourraient \u00eatre trait\u00e9s<br>et conserv\u00e9s aux \u00c9tats-Unis ou dans d\u2019autres pays et pourraient \u00eatre accessibles au gouvernement,<br>aux tribunaux et aux agences d\u2019ex\u00e9cution de la loi ou r\u00e9glementaires aux \u00c9tats-Unis ou d\u2019autres<br>pays.<\/p>\n\n\n\n<h3 class=\"wp-block-heading\">Protection de vos renseignements par MWS Student Camps<\/h3>\n\n\n\n<p><strong>Protection de vos renseignements.<\/strong> MWS Student Camps entreprend des mesures pour prot\u00e9ger vos<br>renseignements personnels contre la perte, le vol, l\u2019acc\u00e8s non autoris\u00e9, la destruction, l\u2019utilisation, la<br>modification et la divulgation. Ces mesures englobent des pr\u00e9cautions technologiques, physiques et<br>organisationnelles appropri\u00e9es selon la sensibilit\u00e9 des renseignements personnels, dont la<br>conservation d\u2019un acc\u00e8s contr\u00f4l\u00e9 aux documents et dossier \u00e9lectroniques et sur papier, \u00e0 l\u2019aide de<br>pr\u00e9cautions technologiques appropri\u00e9es comme mots de passe, coupe-feux et cryptage, et en<br>limitant l\u2019acc\u00e8s \u00e0 nos employ\u00e9s, repr\u00e9sentants et sous-traitants qui ont besoin de ces<br>renseignements pour vous fournir les services pour lesquels les renseignements ont \u00e9t\u00e9 recueillis.<br>Toutefois, veuillez noter que les mesures de s\u00e9curit\u00e9 de MWS Student Camps peuvent changer ou<br>\u00eatre indisponibles de temps \u00e0 autre et qu\u2019aucune transmission de donn\u00e9es sur Internet ou sur tout<br>r\u00e9seau sans-fil n\u2019est s\u00fbre \u00e0 100 %. Ainsi, nous ne pouvons pas garantir la s\u00e9curit\u00e9 de vos<br>renseignements personnels.<\/p>\n\n\n\n<p><strong>Conservation.<\/strong> MWS Student Camps conserve vos renseignements personnels uniquement aussi<br>longtemps que requis pour accomplir les fins d\u00e9clar\u00e9es, et d\u00e9truit ensuite vos renseignements de<br>fa\u00e7on s\u00fbre.<\/p>\n\n\n\n<h3 class=\"wp-block-heading\">T\u00e9moins (\u00ab cookies \u00bb) et balises Web<\/h3>\n\n\n\n<p><strong>T\u00e9moins (\u00ab cookies \u00bb).<\/strong> Afin de rehausser votre exp\u00e9rience, de nombreuses pages des sites Web<br>emploient des t\u00e9moins. Ces t\u00e9moins sont des fichiers texte que nous pla\u00e7ons dans le fureteur de<br>votre ordinateur pour conserver vos pr\u00e9f\u00e9rences et autres renseignements. Les t\u00e9moins ne nous<br>donnent pas d\u2019eux-m\u00eames votre adresse de courriel ou autres renseignements personnels \u00e0 moins<br>que vous choisissiez de nous fournir cette information, par exemple en vous abonnant \u00e0 notre<br>bulletin. Toutefois, une fois que vous choisissez de donner des renseignements personnels au site<br>Web, ces renseignements peuvent \u00eatre li\u00e9s aux donn\u00e9es conserv\u00e9es dans le t\u00e9moin.<\/p>\n\n\n\n<p><strong>Balises Web.<\/strong> Nous pouvons aussi utiliser des balises Web. Les balises sont de petites bribes de code<br>plac\u00e9es sur les pages Web, les vid\u00e9os et dans les messages de courriel qui peuvent communiquer<br>des renseignements au sujet de votre fureteur et de votre appareil \u00e0 un serveur. Les balises peuvent<br>\u00eatre utilis\u00e9es, entre autres choses, pour compter le nombre d\u2019utilisateurs qui visitent une page Web<br>ou qui lisent un courriel, ou pour livrer un t\u00e9moin au fureteur avec lequel l\u2019utilisateur visualise une<br>page Web ou un message de courriel.<\/p>\n\n\n\n<p><strong>Utilisation des t\u00e9moins et balises.<\/strong> Nous utilisons des t\u00e9moins et balises pour comprendre<br>l\u2019utilisation du site et pour am\u00e9liorer le contenu offert \u00e0 nos sites. Par exemple, nous pourrions<br>utiliser des t\u00e9moins pour personnaliser votre exp\u00e9rience aux sites Web (p. ex., en vous<br>reconnaissant par votre nom lorsque vous revenez \u00e0 un site Web). Nous pourrions aussi utiliser les<br>t\u00e9moins et balises pour vous offrir des produits, programmes et services en vertu de cette politique.<br>Nous pourrions utiliser les t\u00e9moins de tiers \u00e0 nos sites Web \u00e9galement. Par exemple, nous utilisons<br>Google Analytics pour recueillir et traiter certaines donn\u00e9es d\u2019analyse. Google vous donne des choix<br>de confidentialit\u00e9 additionnels d\u00e9crits \u00e0 www.google.com\/policies\/privacy\/partners\/ au sujet des<br>t\u00e9moins de Google Analytics. Les t\u00e9moins et balises peuvent \u00eatre enlev\u00e9s ou bloqu\u00e9s en employant<br>les r\u00e9glages de votre fureteur, mais, en le faisant, vous pourriez limiter les services que vous offrent<br>les sites Web.<\/p>\n\n\n\n<h3 class=\"wp-block-heading\">R\u00e9troaction, demandes et plaintes \u2013 responsable de la protection de la vie priv\u00e9e<\/h3>\n\n\n\n<p>Si vous avez une pr\u00e9occupation ou une plainte \u00e0 formuler en ce qui a trait \u00e0 cette politique ou \u00e0 vos<br>renseignements personnels, ou si vous d\u00e9sirez mettre \u00e0 jour ou corriger vos renseignements, vous<br>pouvez communiquer avec le responsable de la protection de la vie priv\u00e9e de MWS Student Camps \u00e0<br>l\u2019adresse suivante :<\/p>\n\n\n\n<p><strong>Responsable de la protection de la vie priv\u00e9e<\/strong><br>a\/s de MWS Student Camps<br>110 Cumberland Street, Suite 356 <br>Toronto ON,<br>Canada, M5R 3V5<\/p>\n\n\n\n<p>MWS Student Camps r\u00e9pondra \u00e0 toutes les demandes ou plaintes ou demandes d\u2019acc\u00e8s ou de<br>r\u00e9vision des renseignements personnels dans des d\u00e9lais raisonnables. MWS Student Camps \u00e9tudiera<br>toutes les plaintes re\u00e7ues dans des d\u00e9lais raisonnables et entreprendra des mesures raisonnables et<br>appropri\u00e9es s\u2019il est d\u00e9termin\u00e9 qu\u2019elles sont requises pour r\u00e9agir \u00e0 toute plainte bien fond\u00e9e.<br>L\u2019entreprise se r\u00e9serve le droit d\u2019imposer des frais raisonnables pour se conformer \u00e0 toutes les<br>demandes d\u2019acc\u00e8s l\u00e9gales et permissibles.<\/p>\n","protected":false},"excerpt":{"rendered":"<p>Cette politique vise \u00e0 d\u00e9crire les pratiques li\u00e9es aux renseignements personnels recueillis par MWSStudent Camps (\u00ab MWS Student Camps \u00bb, \u00ab nous \u00bb) par l\u2019entremise de nos sites Web (actuellementmwscamps.com) (les \u00ab sites Web \u00bb), lorsque vous vous abonnez aux sites Web, vous les utilisez, vousy acc\u00e9dez ou y interagissez. Nous pouvons changer cette politique [&hellip;]<\/p>\n","protected":false},"author":6,"featured_media":6202,"parent":0,"menu_order":0,"comment_status":"closed","ping_status":"closed","template":"page-privacy.php","meta":[],"_links":{"self":[{"href":"https:\/\/dev.mws.sandbox.59aps.com\/fr\/wp-json\/wp\/v2\/pages\/6365"}],"collection":[{"href":"https:\/\/dev.mws.sandbox.59aps.com\/fr\/wp-json\/wp\/v2\/pages"}],"about":[{"href":"https:\/\/dev.mws.sandbox.59aps.com\/fr\/wp-json\/wp\/v2\/types\/page"}],"author":[{"embeddable":true,"href":"https:\/\/dev.mws.sandbox.59aps.com\/fr\/wp-json\/wp\/v2\/users\/6"}],"replies":[{"embeddable":true,"href":"https:\/\/dev.mws.sandbox.59aps.com\/fr\/wp-json\/wp\/v2\/comments?post=6365"}],"version-history":[{"count":2,"href":"https:\/\/dev.mws.sandbox.59aps.com\/fr\/wp-json\/wp\/v2\/pages\/6365\/revisions"}],"predecessor-version":[{"id":6368,"href":"https:\/\/dev.mws.sandbox.59aps.com\/fr\/wp-json\/wp\/v2\/pages\/6365\/revisions\/6368"}],"wp:featuredmedia":[{"embeddable":true,"href":"https:\/\/dev.mws.sandbox.59aps.com\/fr\/wp-json\/wp\/v2\/media\/6202"}],"wp:attachment":[{"href":"https:\/\/dev.mws.sandbox.59aps.com\/fr\/wp-json\/wp\/v2\/media?parent=6365"}],"curies":[{"name":"wp","href":"https:\/\/api.w.org\/{rel}","templated":true}]}}