{"id":713,"date":"2018-11-22T20:15:06","date_gmt":"2018-11-22T20:15:06","guid":{"rendered":"http:\/\/dev.mws.59aps.com\/?page_id=713"},"modified":"2024-03-05T14:49:00","modified_gmt":"2024-03-05T14:49:00","slug":"montreal-french-camps-fr","status":"publish","type":"page","link":"https:\/\/dev.mws.sandbox.59aps.com\/fr\/montreal\/montreal-french-camps-fr\/","title":{"rendered":"Camps de fran\u00e7ais &#8211; Montr\u00e9al"},"content":{"rendered":"\n<p><span style=\"font-weight: 400;\">Les camps de fran\u00e7ais de MWS Montr\u00e9al sont sp\u00e9cifiquement con\u00e7us pour des \u00e9tudiants int\u00e9ress\u00e9s \u00e0 participer \u00e0 un programme d\u2019immersion dans la ville la plus bilingue du Canada. Une multitude d\u2019excursions, d\u2019activit\u00e9s sportives, culturelles et touristiques ainsi que les cours <\/span><span style=\"font-weight: 400;\">de fran\u00e7ais<\/span><span style=\"font-weight: 400;\"> permettent de garder les \u00e9tudiants occup\u00e9s et <\/span><span style=\"font-weight: 400;\">stimul\u00e9s.<\/span><\/p>\n","protected":false},"excerpt":{"rendered":"<p>Les camps de fran\u00e7ais de MWS Montr\u00e9al sont sp\u00e9cifiquement con\u00e7us pour des \u00e9tudiants int\u00e9ress\u00e9s \u00e0 participer \u00e0 un programme d\u2019immersion dans la ville la plus bilingue du Canada. Une multitude d\u2019excursions, d\u2019activit\u00e9s sportives, culturelles et touristiques ainsi que les cours de fran\u00e7ais permettent de garder les \u00e9tudiants occup\u00e9s et stimul\u00e9s.<\/p>\n","protected":false},"author":1,"featured_media":5883,"parent":611,"menu_order":0,"comment_status":"closed","ping_status":"closed","template":"","meta":[],"_links":{"self":[{"href":"https:\/\/dev.mws.sandbox.59aps.com\/fr\/wp-json\/wp\/v2\/pages\/713"}],"collection":[{"href":"https:\/\/dev.mws.sandbox.59aps.com\/fr\/wp-json\/wp\/v2\/pages"}],"about":[{"href":"https:\/\/dev.mws.sandbox.59aps.com\/fr\/wp-json\/wp\/v2\/types\/page"}],"author":[{"embeddable":true,"href":"https:\/\/dev.mws.sandbox.59aps.com\/fr\/wp-json\/wp\/v2\/users\/1"}],"replies":[{"embeddable":true,"href":"https:\/\/dev.mws.sandbox.59aps.com\/fr\/wp-json\/wp\/v2\/comments?post=713"}],"version-history":[{"count":6,"href":"https:\/\/dev.mws.sandbox.59aps.com\/fr\/wp-json\/wp\/v2\/pages\/713\/revisions"}],"predecessor-version":[{"id":5926,"href":"https:\/\/dev.mws.sandbox.59aps.com\/fr\/wp-json\/wp\/v2\/pages\/713\/revisions\/5926"}],"up":[{"embeddable":true,"href":"https:\/\/dev.mws.sandbox.59aps.com\/fr\/wp-json\/wp\/v2\/pages\/611"}],"wp:featuredmedia":[{"embeddable":true,"href":"https:\/\/dev.mws.sandbox.59aps.com\/fr\/wp-json\/wp\/v2\/media\/5883"}],"wp:attachment":[{"href":"https:\/\/dev.mws.sandbox.59aps.com\/fr\/wp-json\/wp\/v2\/media?parent=713"}],"curies":[{"name":"wp","href":"https:\/\/api.w.org\/{rel}","templated":true}]}}