{"id":825,"date":"2018-11-22T21:27:52","date_gmt":"2018-11-22T21:27:52","guid":{"rendered":"http:\/\/dev.mws.59aps.com\/?page_id=825"},"modified":"2024-03-05T14:29:35","modified_gmt":"2024-03-05T14:29:35","slug":"about-us-fr","status":"publish","type":"page","link":"https:\/\/dev.mws.sandbox.59aps.com\/fr\/about-us-fr\/","title":{"rendered":"About us-fr"},"content":{"rendered":"\n<p>\u00c9tabli depuis 1983, MWS Student Camps \u00e0 accueilli des milliers de jeunes en provenance de plus de 50 pays.<\/p>\n\n\n\n<p>Depuis ses d\u00e9buts, MWS s\u2019efforce d\u2019offrir et d\u2019op\u00e9rer des programmes innovateurs, vivants et motivants. Cela inclut des programmes d\u2019immersion d\u2019\u00e9t\u00e9, des classes divis\u00e9es en petits groupes et adapt\u00e9es au niveau des \u00e9tudiants ainsi que des voyages \u00e9ducatifs.<\/p>\n\n\n\n<p>Les programmes d\u2019immersion d\u2019\u00e9t\u00e9 de MWS ont lieu sur des campus universitaires au centre-ville de Toronto et de Montr\u00e9al. Nous offrons des programmes en r\u00e9sidence ou de jour. Nos camps d\u2019immersion anglaise et\/ou fran\u00e7aise sont compl\u00e9t\u00e9s par des activit\u00e9s sportives et culturelles et des excursions quotidiennes.<\/p>\n\n\n\n<p>MWS veut stimuler l\u2019int\u00e9r\u00eat et le d\u00e9veloppement des \u00e9tudiants en cr\u00e9ant de petits groupes d\u2019\u00e9tudes et des sorties. Les programmes d\u2019immersion sont offerts \u00e0 Toronto et \u00e0 Montr\u00e9al \u00e0 des dates pr\u00e9d\u00e9termin\u00e9es. Des excursions \u00e0 Ottawa et Qu\u00e9bec peuvent \u00eatre organis\u00e9es sur demande.<\/p>\n\n\n\n<p>Des tours \u00e9ducatifs pour des groupes organis\u00e9s peuvent \u00e9galement \u00eatre organis\u00e9s, et ce \u00e0 l\u2019ann\u00e9e longue. Les destinations possibles pour ce genre de tour sont Toronto, Montr\u00e9al, Qu\u00e9bec et Ottawa.<\/p>\n","protected":false},"excerpt":{"rendered":"<p>\u00c9tabli depuis 1983, MWS Student Camps \u00e0 accueilli des milliers de jeunes en provenance de plus de 50 pays. Depuis ses d\u00e9buts, MWS s\u2019efforce d\u2019offrir et d\u2019op\u00e9rer des programmes innovateurs, vivants et motivants. Cela inclut des programmes d\u2019immersion d\u2019\u00e9t\u00e9, des classes divis\u00e9es en petits groupes et adapt\u00e9es au niveau des \u00e9tudiants ainsi que des voyages [&hellip;]<\/p>\n","protected":false},"author":1,"featured_media":5877,"parent":0,"menu_order":0,"comment_status":"closed","ping_status":"closed","template":"page-about-us.php","meta":[],"_links":{"self":[{"href":"https:\/\/dev.mws.sandbox.59aps.com\/fr\/wp-json\/wp\/v2\/pages\/825"}],"collection":[{"href":"https:\/\/dev.mws.sandbox.59aps.com\/fr\/wp-json\/wp\/v2\/pages"}],"about":[{"href":"https:\/\/dev.mws.sandbox.59aps.com\/fr\/wp-json\/wp\/v2\/types\/page"}],"author":[{"embeddable":true,"href":"https:\/\/dev.mws.sandbox.59aps.com\/fr\/wp-json\/wp\/v2\/users\/1"}],"replies":[{"embeddable":true,"href":"https:\/\/dev.mws.sandbox.59aps.com\/fr\/wp-json\/wp\/v2\/comments?post=825"}],"version-history":[{"count":6,"href":"https:\/\/dev.mws.sandbox.59aps.com\/fr\/wp-json\/wp\/v2\/pages\/825\/revisions"}],"predecessor-version":[{"id":5923,"href":"https:\/\/dev.mws.sandbox.59aps.com\/fr\/wp-json\/wp\/v2\/pages\/825\/revisions\/5923"}],"wp:featuredmedia":[{"embeddable":true,"href":"https:\/\/dev.mws.sandbox.59aps.com\/fr\/wp-json\/wp\/v2\/media\/5877"}],"wp:attachment":[{"href":"https:\/\/dev.mws.sandbox.59aps.com\/fr\/wp-json\/wp\/v2\/media?parent=825"}],"curies":[{"name":"wp","href":"https:\/\/api.w.org\/{rel}","templated":true}]}}